{"id":23444,"date":"2018-10-20T00:28:28","date_gmt":"2018-10-20T00:28:28","guid":{"rendered":"https:\/\/www.soreie.com\/il-nostro-hotel\/"},"modified":"2022-10-23T14:05:37","modified_gmt":"2022-10-23T14:05:37","slug":"il-nostro-hotel","status":"publish","type":"page","link":"https:\/\/www.soreie.com\/de\/il-nostro-hotel\/","title":{"rendered":"Unser Hotel"},"content":{"rendered":"<div class=\"vgblk-rw-wrapper limit-wrapper\">\n<h3>\n\tHotel\n\t<\/h3>\n\t<p><strong>Von unserer alten Gastgewerbetradition, erhalten wir den Stolz des ladinischen Volkes aufrecht und legen grossen Wert auf die an uns weitergegebenen Werte der Umgebung und Kultur.<\/strong>\u00a0In unserem Hause erleben Sie einen Hauch dieser ladinischen Tradition: der Geruch des Holzes, die &#8222;Stua&#8220; (Stube) originalgetreu nachgebaut und der gem\u00fctliche und elegante Fr\u00fchst\u00fccksaal, eingebettet in Holz und ladinischen Dekormalereien, Zeugen der Geschichte und der antiken Br\u00e4uche und Legenden.<\/p>\n<h3>\n\tZimmer\n\t<\/h3>\n\t<p>Die komfortabel eingerichteten Zimmer sind alle mit orthop\u00e4dische\u00a0 Matratzen und weiche Softtopper.<\/p>\n<ul>\n<li>Balkon<\/li>\n<li>Holzboden<\/li>\n<li>TV SAT<\/li>\n<li>Telefon\/Wi-Fi<\/li>\n<li>Tresor<\/li>\n<li>Bad oder Dusche<\/li>\n<li>K\u00fchlschrank und Wasserkocher f\u00fcr Kr\u00e4utertees<\/li>\n<\/ul>\n<p><strong>Check-in auf Anfrage- Check out 10.00<\/strong><\/p>\n<h3>\n\tFr\u00fchst\u00fcck\n\t<\/h3>\n\t<p>Reichhaltiges Fr\u00fchst\u00fcckbuffet mit:<\/p>\n<ul>\n<li>viele M\u00fcslisorten<\/li>\n<li>Yoghurt<\/li>\n<li>Obssalat<\/li>\n<li>frische Eier<\/li>\n<li>K\u00e0se, assortierte Aufschnitt<\/li>\n<li>Croissant und Hauskuchen<\/li>\n<li>Bio Marmelade und andere Bioproduckte<\/li>\n<\/ul>\n<p><strong>Check-in auf Anfrage- Check out 10.00<\/strong><\/p>\n<h3>\n\t&#8230; und andere Dienstleistungen\n\t<\/h3>\n\t<ul>\n<li>Stube- und Barservice<\/li>\n<li>Ger\u00e4umiger Spielsaal und Aufenthaltsraum f\u00fcr Kinder<\/li>\n<li>Skiraum mit Schuhw\u00e4rmer<\/li>\n<li>Free WiFi<\/li>\n<li>internet point<\/li>\n<li>Privater Parkplatz und Garagen<\/li>\n<\/ul>\n<p><strong>Check-in auf Anfrage- Check out 10.00<\/strong><\/p>\n\n<\/div><!-- .vgblk-rw-wrapper -->","protected":false},"excerpt":{"rendered":"<p>Hotel Von unserer alten Gastgewerbetradition, erhalten wir den Stolz des ladinischen Volkes aufrecht und legen grossen Wert auf die an uns weitergegebenen Werte der Umgebung und Kultur.\u00a0In unserem Hause erleben&#8230;<\/p>\n","protected":false},"author":1,"featured_media":0,"parent":0,"menu_order":0,"comment_status":"closed","ping_status":"closed","template":"","meta":{"inline_featured_image":false,"footnotes":""},"class_list":["post-23444","page","type-page","status-publish","hentry"],"yoast_head":"<!-- This site is optimized with the Yoast SEO plugin v26.8 - https:\/\/yoast.com\/product\/yoast-seo-wordpress\/ -->\n<title>Unser Hotel - Garn\u00ec Hotel Soreje<\/title>\n<meta name=\"robots\" content=\"index, follow, max-snippet:-1, max-image-preview:large, max-video-preview:-1\" \/>\n<link rel=\"canonical\" href=\"https:\/\/www.soreie.com\/de\/il-nostro-hotel\/\" \/>\n<meta property=\"og:locale\" content=\"de_DE\" \/>\n<meta property=\"og:type\" content=\"article\" \/>\n<meta property=\"og:title\" content=\"Unser Hotel - Garn\u00ec Hotel Soreje\" \/>\n<meta property=\"og:description\" content=\"Hotel Von unserer alten Gastgewerbetradition, erhalten wir den Stolz des ladinischen Volkes aufrecht und legen grossen Wert auf die an uns weitergegebenen Werte der Umgebung und Kultur.\u00a0In unserem Hause erleben...\" \/>\n<meta property=\"og:url\" content=\"https:\/\/www.soreie.com\/de\/il-nostro-hotel\/\" \/>\n<meta property=\"og:site_name\" content=\"Garn\u00ec Hotel Soreje\" \/>\n<meta property=\"article:modified_time\" content=\"2022-10-23T14:05:37+00:00\" \/>\n<meta name=\"twitter:card\" content=\"summary_large_image\" \/>\n<meta name=\"twitter:label1\" content=\"Gesch\u00e4tzte Lesezeit\" \/>\n\t<meta name=\"twitter:data1\" content=\"2\u00a0Minuten\" \/>\n<script type=\"application\/ld+json\" class=\"yoast-schema-graph\">{\"@context\":\"https:\/\/schema.org\",\"@graph\":[{\"@type\":\"WebPage\",\"@id\":\"https:\/\/www.soreie.com\/de\/il-nostro-hotel\/\",\"url\":\"https:\/\/www.soreie.com\/de\/il-nostro-hotel\/\",\"name\":\"Unser Hotel - Garn\u00ec Hotel Soreje\",\"isPartOf\":{\"@id\":\"https:\/\/www.soreie.com\/#website\"},\"datePublished\":\"2018-10-20T00:28:28+00:00\",\"dateModified\":\"2022-10-23T14:05:37+00:00\",\"breadcrumb\":{\"@id\":\"https:\/\/www.soreie.com\/de\/il-nostro-hotel\/#breadcrumb\"},\"inLanguage\":\"de\",\"potentialAction\":[{\"@type\":\"ReadAction\",\"target\":[\"https:\/\/www.soreie.com\/de\/il-nostro-hotel\/\"]}]},{\"@type\":\"BreadcrumbList\",\"@id\":\"https:\/\/www.soreie.com\/de\/il-nostro-hotel\/#breadcrumb\",\"itemListElement\":[{\"@type\":\"ListItem\",\"position\":1,\"name\":\"Home\",\"item\":\"https:\/\/www.soreie.com\/de\/\"},{\"@type\":\"ListItem\",\"position\":2,\"name\":\"Unser Hotel\"}]},{\"@type\":\"WebSite\",\"@id\":\"https:\/\/www.soreie.com\/#website\",\"url\":\"https:\/\/www.soreie.com\/\",\"name\":\"Garn\u00ec Hotel Soreje\",\"description\":\"\",\"publisher\":{\"@id\":\"https:\/\/www.soreie.com\/#organization\"},\"potentialAction\":[{\"@type\":\"SearchAction\",\"target\":{\"@type\":\"EntryPoint\",\"urlTemplate\":\"https:\/\/www.soreie.com\/?s={search_term_string}\"},\"query-input\":{\"@type\":\"PropertyValueSpecification\",\"valueRequired\":true,\"valueName\":\"search_term_string\"}}],\"inLanguage\":\"de\"},{\"@type\":\"Organization\",\"@id\":\"https:\/\/www.soreie.com\/#organization\",\"name\":\"Garn\u00ec Hotel Soreje\",\"url\":\"https:\/\/www.soreie.com\/\",\"logo\":{\"@type\":\"ImageObject\",\"inLanguage\":\"de\",\"@id\":\"https:\/\/www.soreie.com\/#\/schema\/logo\/image\/\",\"url\":\"https:\/\/www.soreie.com\/wp-content\/uploads\/2021\/03\/logo.png\",\"contentUrl\":\"https:\/\/www.soreie.com\/wp-content\/uploads\/2021\/03\/logo.png\",\"width\":250,\"height\":79,\"caption\":\"Garn\u00ec Hotel Soreje\"},\"image\":{\"@id\":\"https:\/\/www.soreie.com\/#\/schema\/logo\/image\/\"}}]}<\/script>\n<!-- \/ Yoast SEO plugin. -->","yoast_head_json":{"title":"Unser Hotel - Garn\u00ec Hotel Soreje","robots":{"index":"index","follow":"follow","max-snippet":"max-snippet:-1","max-image-preview":"max-image-preview:large","max-video-preview":"max-video-preview:-1"},"canonical":"https:\/\/www.soreie.com\/de\/il-nostro-hotel\/","og_locale":"de_DE","og_type":"article","og_title":"Unser Hotel - Garn\u00ec Hotel Soreje","og_description":"Hotel Von unserer alten Gastgewerbetradition, erhalten wir den Stolz des ladinischen Volkes aufrecht und legen grossen Wert auf die an uns weitergegebenen Werte der Umgebung und Kultur.\u00a0In unserem Hause erleben...","og_url":"https:\/\/www.soreie.com\/de\/il-nostro-hotel\/","og_site_name":"Garn\u00ec Hotel Soreje","article_modified_time":"2022-10-23T14:05:37+00:00","twitter_card":"summary_large_image","twitter_misc":{"Gesch\u00e4tzte Lesezeit":"2\u00a0Minuten"},"schema":{"@context":"https:\/\/schema.org","@graph":[{"@type":"WebPage","@id":"https:\/\/www.soreie.com\/de\/il-nostro-hotel\/","url":"https:\/\/www.soreie.com\/de\/il-nostro-hotel\/","name":"Unser Hotel - Garn\u00ec Hotel Soreje","isPartOf":{"@id":"https:\/\/www.soreie.com\/#website"},"datePublished":"2018-10-20T00:28:28+00:00","dateModified":"2022-10-23T14:05:37+00:00","breadcrumb":{"@id":"https:\/\/www.soreie.com\/de\/il-nostro-hotel\/#breadcrumb"},"inLanguage":"de","potentialAction":[{"@type":"ReadAction","target":["https:\/\/www.soreie.com\/de\/il-nostro-hotel\/"]}]},{"@type":"BreadcrumbList","@id":"https:\/\/www.soreie.com\/de\/il-nostro-hotel\/#breadcrumb","itemListElement":[{"@type":"ListItem","position":1,"name":"Home","item":"https:\/\/www.soreie.com\/de\/"},{"@type":"ListItem","position":2,"name":"Unser Hotel"}]},{"@type":"WebSite","@id":"https:\/\/www.soreie.com\/#website","url":"https:\/\/www.soreie.com\/","name":"Garn\u00ec Hotel Soreje","description":"","publisher":{"@id":"https:\/\/www.soreie.com\/#organization"},"potentialAction":[{"@type":"SearchAction","target":{"@type":"EntryPoint","urlTemplate":"https:\/\/www.soreie.com\/?s={search_term_string}"},"query-input":{"@type":"PropertyValueSpecification","valueRequired":true,"valueName":"search_term_string"}}],"inLanguage":"de"},{"@type":"Organization","@id":"https:\/\/www.soreie.com\/#organization","name":"Garn\u00ec Hotel Soreje","url":"https:\/\/www.soreie.com\/","logo":{"@type":"ImageObject","inLanguage":"de","@id":"https:\/\/www.soreie.com\/#\/schema\/logo\/image\/","url":"https:\/\/www.soreie.com\/wp-content\/uploads\/2021\/03\/logo.png","contentUrl":"https:\/\/www.soreie.com\/wp-content\/uploads\/2021\/03\/logo.png","width":250,"height":79,"caption":"Garn\u00ec Hotel Soreje"},"image":{"@id":"https:\/\/www.soreie.com\/#\/schema\/logo\/image\/"}}]}},"_links":{"self":[{"href":"https:\/\/www.soreie.com\/de\/wp-json\/wp\/v2\/pages\/23444","targetHints":{"allow":["GET"]}}],"collection":[{"href":"https:\/\/www.soreie.com\/de\/wp-json\/wp\/v2\/pages"}],"about":[{"href":"https:\/\/www.soreie.com\/de\/wp-json\/wp\/v2\/types\/page"}],"author":[{"embeddable":true,"href":"https:\/\/www.soreie.com\/de\/wp-json\/wp\/v2\/users\/1"}],"replies":[{"embeddable":true,"href":"https:\/\/www.soreie.com\/de\/wp-json\/wp\/v2\/comments?post=23444"}],"version-history":[{"count":5,"href":"https:\/\/www.soreie.com\/de\/wp-json\/wp\/v2\/pages\/23444\/revisions"}],"predecessor-version":[{"id":23667,"href":"https:\/\/www.soreie.com\/de\/wp-json\/wp\/v2\/pages\/23444\/revisions\/23667"}],"wp:attachment":[{"href":"https:\/\/www.soreie.com\/de\/wp-json\/wp\/v2\/media?parent=23444"}],"curies":[{"name":"wp","href":"https:\/\/api.w.org\/{rel}","templated":true}]}}