{"id":23391,"date":"2021-03-30T09:58:08","date_gmt":"2021-03-30T09:58:08","guid":{"rendered":"https:\/\/www.soreie.com\/pizzeria\/"},"modified":"2021-06-03T13:32:52","modified_gmt":"2021-06-03T13:32:52","slug":"pizzeria","status":"publish","type":"page","link":"https:\/\/www.soreie.com\/de\/pizzeria\/","title":{"rendered":"Pizzeria Salin"},"content":{"rendered":"<div class=\"vgblk-rw-wrapper limit-wrapper\">\r\n<h3>\r\n\tPizzeria Salin\r\n\t<\/h3>\r\n\t<strong>Rustikales Ambiente.<\/strong><br \/>\r\nim Stil einer alten Bergh\u00fctte mit Sichtholzbalken ausgestattet und typisch f\u00fcr diese Gebirtsregion, gemauerte Nischen, dezente Beleuchtung, gem\u00fctlicher Kachelofen.\r\nEine einzige Symphonie: Unsere au\u00dfergew\u00f6hnliche Auswahl an Pizzen in s\u00e4mtlichen Geschmacksrichtungen<br \/>\r\nUnd zum Abschluss: Ein Dessert aus unserer hauseigenen Eismanufaktur.\r\n<ul>\r\n<li>\u00d6ffnungszeiten: ganzj\u00e4hrig<\/li>\r\n<li>Gro\u00dfe \u00fcberdachte Terrasse<\/li>\r\n<li>Spezialit\u00e4t aus Bayern: Unertl Weissbier\r\n<\/li>\r\n<\/ul>\r\n\t\t\t\t\t\t\t<img decoding=\"async\" loading=\"lazy\" src=\"https:\/\/www.soreie.com\/wp-content\/uploads\/2021\/03\/logoaugusto.1.png\" data-srcset=\"https:\/\/www.soreie.com\/wp-content\/uploads\/2021\/03\/logoaugusto.1.png\" srcset=\"data:image\/svg+xml;utf8,&lt;svg%20xmlns=&quot;https:\/\/www.w3.org\/2000\/svg&quot;%20viewBox=&quot;0%200%20195%2062&quot;%20height=&quot;62px&quot;%20width=&quot;195px&quot;\/&gt;\" alt=\"logoaugusto.1\" itemprop=\"image\" height=\"62\" width=\"195\" title=\"logoaugusto.1\" onerror=\"this.style.display='none'\"  sizes=\"auto, (max-width: 760px) 100vw, 100vw\"\/>\t\t\t\t\t\t\t\r\n<h3>\r\n\tWillkommen Die Anf\u00e4nge des Soreje Name\r\n\t<\/h3>\r\n\t<p>Gelehrte der Geologie und derr Mineralogie setzen den Beginn der Geschichte des Tourismus im Fassatal und es folgten illustre Gaste in der Gaststatte &#8222;Al Sole&#8220; des Giovan Battista Rizzi in Pera, wo, wie aus antiken Dokumenten hervogeht, im Jahre 1864 bereits 58 Gerichte serviert wurden.<\/p>\r\n<p>Durch die vorteilhaft gelegen Position wurde es eine Postation und ein Salzlager und bekam den \u00dcbernamen Salin. Im Jahre 1979 er\u00f2ffnete Augusto das Restaurant Salin mit der Begeisterung und Euphorie eine alte Tradition weiter zu geben. 1989 gab er seinem neunen Hotel den Namen &#8222;Sonne&#8220; in ladinischer Sprache, in Gedenken an das ferne jahr 1828.<\/p>\r\n\r\n<\/div><!-- .vgblk-rw-wrapper -->","protected":false},"excerpt":{"rendered":"<p>Pizzeria Salin Rustikales Ambiente. im Stil einer alten Bergh\u00fctte mit Sichtholzbalken ausgestattet und typisch f\u00fcr diese Gebirtsregion, gemauerte Nischen, dezente Beleuchtung, gem\u00fctlicher Kachelofen. Eine einzige Symphonie: Unsere au\u00dfergew\u00f6hnliche Auswahl an&#8230;<\/p>\n","protected":false},"author":1,"featured_media":0,"parent":0,"menu_order":0,"comment_status":"closed","ping_status":"closed","template":"","meta":{"inline_featured_image":false,"footnotes":""},"class_list":["post-23391","page","type-page","status-publish","hentry"],"yoast_head":"<!-- This site is optimized with the Yoast SEO plugin v26.8 - https:\/\/yoast.com\/product\/yoast-seo-wordpress\/ -->\n<title>Pizzeria Salin - Garn\u00ec Hotel Soreje<\/title>\n<meta name=\"robots\" content=\"index, follow, max-snippet:-1, max-image-preview:large, max-video-preview:-1\" \/>\n<link rel=\"canonical\" href=\"https:\/\/www.soreie.com\/de\/pizzeria\/\" \/>\n<meta property=\"og:locale\" content=\"de_DE\" \/>\n<meta property=\"og:type\" content=\"article\" \/>\n<meta property=\"og:title\" content=\"Pizzeria Salin - Garn\u00ec Hotel Soreje\" \/>\n<meta property=\"og:description\" content=\"Pizzeria Salin Rustikales Ambiente. im Stil einer alten Bergh\u00fctte mit Sichtholzbalken ausgestattet und typisch f\u00fcr diese Gebirtsregion, gemauerte Nischen, dezente Beleuchtung, gem\u00fctlicher Kachelofen. Eine einzige Symphonie: Unsere au\u00dfergew\u00f6hnliche Auswahl an...\" \/>\n<meta property=\"og:url\" content=\"https:\/\/www.soreie.com\/de\/pizzeria\/\" \/>\n<meta property=\"og:site_name\" content=\"Garn\u00ec Hotel Soreje\" \/>\n<meta property=\"article:modified_time\" content=\"2021-06-03T13:32:52+00:00\" \/>\n<meta property=\"og:image\" content=\"https:\/\/www.soreie.com\/wp-content\/uploads\/2021\/03\/logoaugusto.1.png\" \/>\n<meta name=\"twitter:card\" content=\"summary_large_image\" \/>\n<meta name=\"twitter:label1\" content=\"Gesch\u00e4tzte Lesezeit\" \/>\n\t<meta name=\"twitter:data1\" content=\"2\u00a0Minuten\" \/>\n<script type=\"application\/ld+json\" class=\"yoast-schema-graph\">{\"@context\":\"https:\/\/schema.org\",\"@graph\":[{\"@type\":\"WebPage\",\"@id\":\"https:\/\/www.soreie.com\/de\/pizzeria\/\",\"url\":\"https:\/\/www.soreie.com\/de\/pizzeria\/\",\"name\":\"Pizzeria Salin - Garn\u00ec Hotel Soreje\",\"isPartOf\":{\"@id\":\"https:\/\/www.soreie.com\/#website\"},\"primaryImageOfPage\":{\"@id\":\"https:\/\/www.soreie.com\/de\/pizzeria\/#primaryimage\"},\"image\":{\"@id\":\"https:\/\/www.soreie.com\/de\/pizzeria\/#primaryimage\"},\"thumbnailUrl\":\"https:\/\/www.soreie.com\/wp-content\/uploads\/2021\/03\/logoaugusto.1.png\",\"datePublished\":\"2021-03-30T09:58:08+00:00\",\"dateModified\":\"2021-06-03T13:32:52+00:00\",\"breadcrumb\":{\"@id\":\"https:\/\/www.soreie.com\/de\/pizzeria\/#breadcrumb\"},\"inLanguage\":\"de\",\"potentialAction\":[{\"@type\":\"ReadAction\",\"target\":[\"https:\/\/www.soreie.com\/de\/pizzeria\/\"]}]},{\"@type\":\"ImageObject\",\"inLanguage\":\"de\",\"@id\":\"https:\/\/www.soreie.com\/de\/pizzeria\/#primaryimage\",\"url\":\"https:\/\/www.soreie.com\/wp-content\/uploads\/2021\/03\/logoaugusto.1.png\",\"contentUrl\":\"https:\/\/www.soreie.com\/wp-content\/uploads\/2021\/03\/logoaugusto.1.png\"},{\"@type\":\"BreadcrumbList\",\"@id\":\"https:\/\/www.soreie.com\/de\/pizzeria\/#breadcrumb\",\"itemListElement\":[{\"@type\":\"ListItem\",\"position\":1,\"name\":\"Home\",\"item\":\"https:\/\/www.soreie.com\/de\/\"},{\"@type\":\"ListItem\",\"position\":2,\"name\":\"Pizzeria Salin\"}]},{\"@type\":\"WebSite\",\"@id\":\"https:\/\/www.soreie.com\/#website\",\"url\":\"https:\/\/www.soreie.com\/\",\"name\":\"Garn\u00ec Hotel Soreje\",\"description\":\"\",\"publisher\":{\"@id\":\"https:\/\/www.soreie.com\/#organization\"},\"potentialAction\":[{\"@type\":\"SearchAction\",\"target\":{\"@type\":\"EntryPoint\",\"urlTemplate\":\"https:\/\/www.soreie.com\/?s={search_term_string}\"},\"query-input\":{\"@type\":\"PropertyValueSpecification\",\"valueRequired\":true,\"valueName\":\"search_term_string\"}}],\"inLanguage\":\"de\"},{\"@type\":\"Organization\",\"@id\":\"https:\/\/www.soreie.com\/#organization\",\"name\":\"Garn\u00ec Hotel Soreje\",\"url\":\"https:\/\/www.soreie.com\/\",\"logo\":{\"@type\":\"ImageObject\",\"inLanguage\":\"de\",\"@id\":\"https:\/\/www.soreie.com\/#\/schema\/logo\/image\/\",\"url\":\"https:\/\/www.soreie.com\/wp-content\/uploads\/2021\/03\/logo.png\",\"contentUrl\":\"https:\/\/www.soreie.com\/wp-content\/uploads\/2021\/03\/logo.png\",\"width\":250,\"height\":79,\"caption\":\"Garn\u00ec Hotel Soreje\"},\"image\":{\"@id\":\"https:\/\/www.soreie.com\/#\/schema\/logo\/image\/\"}}]}<\/script>\n<!-- \/ Yoast SEO plugin. -->","yoast_head_json":{"title":"Pizzeria Salin - Garn\u00ec Hotel Soreje","robots":{"index":"index","follow":"follow","max-snippet":"max-snippet:-1","max-image-preview":"max-image-preview:large","max-video-preview":"max-video-preview:-1"},"canonical":"https:\/\/www.soreie.com\/de\/pizzeria\/","og_locale":"de_DE","og_type":"article","og_title":"Pizzeria Salin - Garn\u00ec Hotel Soreje","og_description":"Pizzeria Salin Rustikales Ambiente. im Stil einer alten Bergh\u00fctte mit Sichtholzbalken ausgestattet und typisch f\u00fcr diese Gebirtsregion, gemauerte Nischen, dezente Beleuchtung, gem\u00fctlicher Kachelofen. Eine einzige Symphonie: Unsere au\u00dfergew\u00f6hnliche Auswahl an...","og_url":"https:\/\/www.soreie.com\/de\/pizzeria\/","og_site_name":"Garn\u00ec Hotel Soreje","article_modified_time":"2021-06-03T13:32:52+00:00","og_image":[{"url":"https:\/\/www.soreie.com\/wp-content\/uploads\/2021\/03\/logoaugusto.1.png","type":"","width":"","height":""}],"twitter_card":"summary_large_image","twitter_misc":{"Gesch\u00e4tzte Lesezeit":"2\u00a0Minuten"},"schema":{"@context":"https:\/\/schema.org","@graph":[{"@type":"WebPage","@id":"https:\/\/www.soreie.com\/de\/pizzeria\/","url":"https:\/\/www.soreie.com\/de\/pizzeria\/","name":"Pizzeria Salin - Garn\u00ec Hotel Soreje","isPartOf":{"@id":"https:\/\/www.soreie.com\/#website"},"primaryImageOfPage":{"@id":"https:\/\/www.soreie.com\/de\/pizzeria\/#primaryimage"},"image":{"@id":"https:\/\/www.soreie.com\/de\/pizzeria\/#primaryimage"},"thumbnailUrl":"https:\/\/www.soreie.com\/wp-content\/uploads\/2021\/03\/logoaugusto.1.png","datePublished":"2021-03-30T09:58:08+00:00","dateModified":"2021-06-03T13:32:52+00:00","breadcrumb":{"@id":"https:\/\/www.soreie.com\/de\/pizzeria\/#breadcrumb"},"inLanguage":"de","potentialAction":[{"@type":"ReadAction","target":["https:\/\/www.soreie.com\/de\/pizzeria\/"]}]},{"@type":"ImageObject","inLanguage":"de","@id":"https:\/\/www.soreie.com\/de\/pizzeria\/#primaryimage","url":"https:\/\/www.soreie.com\/wp-content\/uploads\/2021\/03\/logoaugusto.1.png","contentUrl":"https:\/\/www.soreie.com\/wp-content\/uploads\/2021\/03\/logoaugusto.1.png"},{"@type":"BreadcrumbList","@id":"https:\/\/www.soreie.com\/de\/pizzeria\/#breadcrumb","itemListElement":[{"@type":"ListItem","position":1,"name":"Home","item":"https:\/\/www.soreie.com\/de\/"},{"@type":"ListItem","position":2,"name":"Pizzeria Salin"}]},{"@type":"WebSite","@id":"https:\/\/www.soreie.com\/#website","url":"https:\/\/www.soreie.com\/","name":"Garn\u00ec Hotel Soreje","description":"","publisher":{"@id":"https:\/\/www.soreie.com\/#organization"},"potentialAction":[{"@type":"SearchAction","target":{"@type":"EntryPoint","urlTemplate":"https:\/\/www.soreie.com\/?s={search_term_string}"},"query-input":{"@type":"PropertyValueSpecification","valueRequired":true,"valueName":"search_term_string"}}],"inLanguage":"de"},{"@type":"Organization","@id":"https:\/\/www.soreie.com\/#organization","name":"Garn\u00ec Hotel Soreje","url":"https:\/\/www.soreie.com\/","logo":{"@type":"ImageObject","inLanguage":"de","@id":"https:\/\/www.soreie.com\/#\/schema\/logo\/image\/","url":"https:\/\/www.soreie.com\/wp-content\/uploads\/2021\/03\/logo.png","contentUrl":"https:\/\/www.soreie.com\/wp-content\/uploads\/2021\/03\/logo.png","width":250,"height":79,"caption":"Garn\u00ec Hotel Soreje"},"image":{"@id":"https:\/\/www.soreie.com\/#\/schema\/logo\/image\/"}}]}},"_links":{"self":[{"href":"https:\/\/www.soreie.com\/de\/wp-json\/wp\/v2\/pages\/23391","targetHints":{"allow":["GET"]}}],"collection":[{"href":"https:\/\/www.soreie.com\/de\/wp-json\/wp\/v2\/pages"}],"about":[{"href":"https:\/\/www.soreie.com\/de\/wp-json\/wp\/v2\/types\/page"}],"author":[{"embeddable":true,"href":"https:\/\/www.soreie.com\/de\/wp-json\/wp\/v2\/users\/1"}],"replies":[{"embeddable":true,"href":"https:\/\/www.soreie.com\/de\/wp-json\/wp\/v2\/comments?post=23391"}],"version-history":[{"count":2,"href":"https:\/\/www.soreie.com\/de\/wp-json\/wp\/v2\/pages\/23391\/revisions"}],"predecessor-version":[{"id":23521,"href":"https:\/\/www.soreie.com\/de\/wp-json\/wp\/v2\/pages\/23391\/revisions\/23521"}],"wp:attachment":[{"href":"https:\/\/www.soreie.com\/de\/wp-json\/wp\/v2\/media?parent=23391"}],"curies":[{"name":"wp","href":"https:\/\/api.w.org\/{rel}","templated":true}]}}